{"id":925,"date":"2022-04-19T21:14:42","date_gmt":"2022-04-19T21:14:42","guid":{"rendered":"https:\/\/v65.mx\/?page_id=925"},"modified":"2026-04-27T19:39:20","modified_gmt":"2026-04-27T19:39:20","slug":"suite","status":"publish","type":"page","link":"https:\/\/v65.mx\/en\/suite\/","title":{"rendered":"Suite"},"content":{"rendered":"<div class=\"wp-block-columns is-layout-flex wp-container-core-columns-is-layout-28f84493 wp-block-columns-is-layout-flex\">\n<div class=\"wp-block-column is-layout-flow wp-block-column-is-layout-flow\" style=\"flex-basis:66.66%\">\n<div class=\"wp-block-getwid-images-slider has-arrows-inside has-dots-inside has-images-center has-cropped-images has-fixed-height\"><div class=\"wp-block-getwid-images-slider__wrapper\" data-effect=\"slide\" data-slides-show=\"1\" data-slides-show-laptop=\"1\" data-slides-show-tablet=\"1\" data-slides-show-mobile=\"1\" data-slides-scroll=\"1\" data-autoplay=\"false\" data-pause-hover=\"false\" data-autoplay-speed=\"6000\" data-infinite=\"true\" data-animation-speed=\"800\" data-center-mode=\"false\" data-variable-width=\"false\" data-arrows=\"inside\" data-dots=\"inside\" data-spacing=\"none\"><div class=\"wp-block-getwid-images-slider__item\" style=\"height:600px\"><figure><img fetchpriority=\"high\" decoding=\"async\" width=\"1920\" height=\"1280\" src=\"https:\/\/v65.mx\/wp-content\/uploads\/2022\/04\/15Suite.jpg\" data-id=\"967\" data-link=\"https:\/\/v65.mx\/?attachment_id=967\" data-original-link=\"https:\/\/v65.mx\/wp-content\/uploads\/2022\/04\/15Suite.jpg\" class=\"wp-block-getwid-images-slider__image wp-image-967\" srcset=\"https:\/\/v65.mx\/wp-content\/uploads\/2022\/04\/15Suite.jpg 1920w, https:\/\/v65.mx\/wp-content\/uploads\/2022\/04\/15Suite-300x200.jpg 300w, https:\/\/v65.mx\/wp-content\/uploads\/2022\/04\/15Suite-1024x683.jpg 1024w, https:\/\/v65.mx\/wp-content\/uploads\/2022\/04\/15Suite-768x512.jpg 768w, https:\/\/v65.mx\/wp-content\/uploads\/2022\/04\/15Suite-1536x1024.jpg 1536w, https:\/\/v65.mx\/wp-content\/uploads\/2022\/04\/15Suite-18x12.jpg 18w\" sizes=\"(max-width: 1920px) 100vw, 1920px\" \/><figcaption class=\"wp-block-getwid-images-slider__caption\">Sala \/ Comedor<\/figcaption><\/figure><\/div><div class=\"wp-block-getwid-images-slider__item\" style=\"height:600px\"><figure><img decoding=\"async\" width=\"1920\" height=\"1280\" src=\"https:\/\/v65.mx\/wp-content\/uploads\/2022\/04\/14Suite.jpg\" data-id=\"966\" data-link=\"https:\/\/v65.mx\/?attachment_id=966\" data-original-link=\"https:\/\/v65.mx\/wp-content\/uploads\/2022\/04\/14Suite.jpg\" class=\"wp-block-getwid-images-slider__image wp-image-966\" srcset=\"https:\/\/v65.mx\/wp-content\/uploads\/2022\/04\/14Suite.jpg 1920w, https:\/\/v65.mx\/wp-content\/uploads\/2022\/04\/14Suite-300x200.jpg 300w, https:\/\/v65.mx\/wp-content\/uploads\/2022\/04\/14Suite-1024x683.jpg 1024w, https:\/\/v65.mx\/wp-content\/uploads\/2022\/04\/14Suite-768x512.jpg 768w, https:\/\/v65.mx\/wp-content\/uploads\/2022\/04\/14Suite-1536x1024.jpg 1536w, https:\/\/v65.mx\/wp-content\/uploads\/2022\/04\/14Suite-18x12.jpg 18w\" sizes=\"(max-width: 1920px) 100vw, 1920px\" \/><figcaption class=\"wp-block-getwid-images-slider__caption\">Habitaci\u00f3n 1<\/figcaption><\/figure><\/div><div class=\"wp-block-getwid-images-slider__item\" style=\"height:600px\"><figure><img decoding=\"async\" width=\"1920\" height=\"1280\" src=\"https:\/\/v65.mx\/wp-content\/uploads\/2022\/04\/3Suite.jpg\" data-id=\"957\" data-link=\"https:\/\/v65.mx\/?attachment_id=957\" data-original-link=\"https:\/\/v65.mx\/wp-content\/uploads\/2022\/04\/3Suite.jpg\" class=\"wp-block-getwid-images-slider__image wp-image-957\" srcset=\"https:\/\/v65.mx\/wp-content\/uploads\/2022\/04\/3Suite.jpg 1920w, https:\/\/v65.mx\/wp-content\/uploads\/2022\/04\/3Suite-300x200.jpg 300w, https:\/\/v65.mx\/wp-content\/uploads\/2022\/04\/3Suite-1024x683.jpg 1024w, https:\/\/v65.mx\/wp-content\/uploads\/2022\/04\/3Suite-768x512.jpg 768w, https:\/\/v65.mx\/wp-content\/uploads\/2022\/04\/3Suite-1536x1024.jpg 1536w, https:\/\/v65.mx\/wp-content\/uploads\/2022\/04\/3Suite-18x12.jpg 18w\" sizes=\"(max-width: 1920px) 100vw, 1920px\" \/><figcaption class=\"wp-block-getwid-images-slider__caption\">Sala de estar<\/figcaption><\/figure><\/div><div class=\"wp-block-getwid-images-slider__item\" style=\"height:600px\"><figure><img loading=\"lazy\" decoding=\"async\" width=\"1920\" height=\"1280\" src=\"https:\/\/v65.mx\/wp-content\/uploads\/2022\/04\/6Suite.jpg\" data-id=\"958\" data-link=\"https:\/\/v65.mx\/?attachment_id=958\" data-original-link=\"https:\/\/v65.mx\/wp-content\/uploads\/2022\/04\/6Suite.jpg\" class=\"wp-block-getwid-images-slider__image wp-image-958\" srcset=\"https:\/\/v65.mx\/wp-content\/uploads\/2022\/04\/6Suite.jpg 1920w, https:\/\/v65.mx\/wp-content\/uploads\/2022\/04\/6Suite-300x200.jpg 300w, https:\/\/v65.mx\/wp-content\/uploads\/2022\/04\/6Suite-1024x683.jpg 1024w, https:\/\/v65.mx\/wp-content\/uploads\/2022\/04\/6Suite-768x512.jpg 768w, https:\/\/v65.mx\/wp-content\/uploads\/2022\/04\/6Suite-1536x1024.jpg 1536w, https:\/\/v65.mx\/wp-content\/uploads\/2022\/04\/6Suite-18x12.jpg 18w\" sizes=\"(max-width: 1920px) 100vw, 1920px\" \/><figcaption class=\"wp-block-getwid-images-slider__caption\">Comedor<\/figcaption><\/figure><\/div><div class=\"wp-block-getwid-images-slider__item\" style=\"height:600px\"><figure><img loading=\"lazy\" decoding=\"async\" width=\"1920\" height=\"1280\" src=\"https:\/\/v65.mx\/wp-content\/uploads\/2022\/04\/8Suite.jpg\" data-id=\"960\" data-link=\"https:\/\/v65.mx\/?attachment_id=960\" data-original-link=\"https:\/\/v65.mx\/wp-content\/uploads\/2022\/04\/8Suite.jpg\" class=\"wp-block-getwid-images-slider__image wp-image-960\" srcset=\"https:\/\/v65.mx\/wp-content\/uploads\/2022\/04\/8Suite.jpg 1920w, https:\/\/v65.mx\/wp-content\/uploads\/2022\/04\/8Suite-300x200.jpg 300w, https:\/\/v65.mx\/wp-content\/uploads\/2022\/04\/8Suite-1024x683.jpg 1024w, https:\/\/v65.mx\/wp-content\/uploads\/2022\/04\/8Suite-768x512.jpg 768w, https:\/\/v65.mx\/wp-content\/uploads\/2022\/04\/8Suite-1536x1024.jpg 1536w, https:\/\/v65.mx\/wp-content\/uploads\/2022\/04\/8Suite-18x12.jpg 18w\" sizes=\"(max-width: 1920px) 100vw, 1920px\" \/><figcaption class=\"wp-block-getwid-images-slider__caption\">Comedor<\/figcaption><\/figure><\/div><div class=\"wp-block-getwid-images-slider__item\" style=\"height:600px\"><figure><img loading=\"lazy\" decoding=\"async\" width=\"1920\" height=\"1280\" src=\"https:\/\/v65.mx\/wp-content\/uploads\/2022\/04\/9Suite.jpg\" data-id=\"961\" data-link=\"https:\/\/v65.mx\/?attachment_id=961\" data-original-link=\"https:\/\/v65.mx\/wp-content\/uploads\/2022\/04\/9Suite.jpg\" class=\"wp-block-getwid-images-slider__image wp-image-961\" srcset=\"https:\/\/v65.mx\/wp-content\/uploads\/2022\/04\/9Suite.jpg 1920w, https:\/\/v65.mx\/wp-content\/uploads\/2022\/04\/9Suite-300x200.jpg 300w, https:\/\/v65.mx\/wp-content\/uploads\/2022\/04\/9Suite-1024x683.jpg 1024w, https:\/\/v65.mx\/wp-content\/uploads\/2022\/04\/9Suite-768x512.jpg 768w, https:\/\/v65.mx\/wp-content\/uploads\/2022\/04\/9Suite-1536x1024.jpg 1536w, https:\/\/v65.mx\/wp-content\/uploads\/2022\/04\/9Suite-18x12.jpg 18w\" sizes=\"(max-width: 1920px) 100vw, 1920px\" \/><figcaption class=\"wp-block-getwid-images-slider__caption\">Ba\u00f1o<\/figcaption><\/figure><\/div><div class=\"wp-block-getwid-images-slider__item\" style=\"height:600px\"><figure><img loading=\"lazy\" decoding=\"async\" width=\"1920\" height=\"1280\" src=\"https:\/\/v65.mx\/wp-content\/uploads\/2022\/04\/13Suite.jpg\" data-id=\"965\" data-link=\"https:\/\/v65.mx\/?attachment_id=965\" data-original-link=\"https:\/\/v65.mx\/wp-content\/uploads\/2022\/04\/13Suite.jpg\" class=\"wp-block-getwid-images-slider__image wp-image-965\" srcset=\"https:\/\/v65.mx\/wp-content\/uploads\/2022\/04\/13Suite.jpg 1920w, https:\/\/v65.mx\/wp-content\/uploads\/2022\/04\/13Suite-300x200.jpg 300w, https:\/\/v65.mx\/wp-content\/uploads\/2022\/04\/13Suite-1024x683.jpg 1024w, https:\/\/v65.mx\/wp-content\/uploads\/2022\/04\/13Suite-768x512.jpg 768w, https:\/\/v65.mx\/wp-content\/uploads\/2022\/04\/13Suite-1536x1024.jpg 1536w, https:\/\/v65.mx\/wp-content\/uploads\/2022\/04\/13Suite-18x12.jpg 18w\" sizes=\"(max-width: 1920px) 100vw, 1920px\" \/><figcaption class=\"wp-block-getwid-images-slider__caption\">Habitaci\u00f3n 2<\/figcaption><\/figure><\/div><div class=\"wp-block-getwid-images-slider__item\" style=\"height:600px\"><figure><img loading=\"lazy\" decoding=\"async\" width=\"1920\" height=\"1280\" src=\"https:\/\/v65.mx\/wp-content\/uploads\/2022\/04\/10Suite.jpg\" data-id=\"962\" data-link=\"https:\/\/v65.mx\/?attachment_id=962\" data-original-link=\"https:\/\/v65.mx\/wp-content\/uploads\/2022\/04\/10Suite.jpg\" class=\"wp-block-getwid-images-slider__image wp-image-962\" srcset=\"https:\/\/v65.mx\/wp-content\/uploads\/2022\/04\/10Suite.jpg 1920w, https:\/\/v65.mx\/wp-content\/uploads\/2022\/04\/10Suite-300x200.jpg 300w, https:\/\/v65.mx\/wp-content\/uploads\/2022\/04\/10Suite-1024x683.jpg 1024w, https:\/\/v65.mx\/wp-content\/uploads\/2022\/04\/10Suite-768x512.jpg 768w, https:\/\/v65.mx\/wp-content\/uploads\/2022\/04\/10Suite-1536x1024.jpg 1536w, https:\/\/v65.mx\/wp-content\/uploads\/2022\/04\/10Suite-18x12.jpg 18w\" sizes=\"(max-width: 1920px) 100vw, 1920px\" \/><figcaption class=\"wp-block-getwid-images-slider__caption\">Ba\u00f1o<\/figcaption><\/figure><\/div><div class=\"wp-block-getwid-images-slider__item\" style=\"height:600px\"><figure><img loading=\"lazy\" decoding=\"async\" width=\"1920\" height=\"1280\" src=\"https:\/\/v65.mx\/wp-content\/uploads\/2022\/04\/11Suite.jpg\" data-id=\"963\" data-link=\"https:\/\/v65.mx\/?attachment_id=963\" data-original-link=\"https:\/\/v65.mx\/wp-content\/uploads\/2022\/04\/11Suite.jpg\" class=\"wp-block-getwid-images-slider__image wp-image-963\" srcset=\"https:\/\/v65.mx\/wp-content\/uploads\/2022\/04\/11Suite.jpg 1920w, https:\/\/v65.mx\/wp-content\/uploads\/2022\/04\/11Suite-300x200.jpg 300w, https:\/\/v65.mx\/wp-content\/uploads\/2022\/04\/11Suite-1024x683.jpg 1024w, https:\/\/v65.mx\/wp-content\/uploads\/2022\/04\/11Suite-768x512.jpg 768w, https:\/\/v65.mx\/wp-content\/uploads\/2022\/04\/11Suite-1536x1024.jpg 1536w, https:\/\/v65.mx\/wp-content\/uploads\/2022\/04\/11Suite-18x12.jpg 18w\" sizes=\"(max-width: 1920px) 100vw, 1920px\" \/><figcaption class=\"wp-block-getwid-images-slider__caption\">Cocina<\/figcaption><\/figure><\/div><div class=\"wp-block-getwid-images-slider__item\" style=\"height:600px\"><figure><img loading=\"lazy\" decoding=\"async\" width=\"1920\" height=\"1280\" src=\"https:\/\/v65.mx\/wp-content\/uploads\/2022\/04\/12Suite.jpg\" data-id=\"964\" data-link=\"https:\/\/v65.mx\/?attachment_id=964\" data-original-link=\"https:\/\/v65.mx\/wp-content\/uploads\/2022\/04\/12Suite.jpg\" class=\"wp-block-getwid-images-slider__image wp-image-964\" srcset=\"https:\/\/v65.mx\/wp-content\/uploads\/2022\/04\/12Suite.jpg 1920w, https:\/\/v65.mx\/wp-content\/uploads\/2022\/04\/12Suite-300x200.jpg 300w, https:\/\/v65.mx\/wp-content\/uploads\/2022\/04\/12Suite-1024x683.jpg 1024w, https:\/\/v65.mx\/wp-content\/uploads\/2022\/04\/12Suite-768x512.jpg 768w, https:\/\/v65.mx\/wp-content\/uploads\/2022\/04\/12Suite-1536x1024.jpg 1536w, https:\/\/v65.mx\/wp-content\/uploads\/2022\/04\/12Suite-18x12.jpg 18w\" sizes=\"(max-width: 1920px) 100vw, 1920px\" \/><figcaption class=\"wp-block-getwid-images-slider__caption\">Cama<\/figcaption><\/figure><\/div><\/div><\/div>\n<\/div>\n\n\n\n<div class=\"wp-block-column is-layout-flow wp-block-column-is-layout-flow\" style=\"flex-basis:33.33%\">\n<h3 class=\"wp-block-heading\">Informaci\u00f3n General<\/h3>\n\n\n\n<p>\u00c1rea: 80 m<sup>2<\/sup><br>Capacidad: 4 personas<br>Habitaciones: 2<br>Camas: 2 Queen Size<br>Ba\u00f1os: 2<\/p>\n\n\n\n<div class=\"wp-block-stackable-icon-label stk-block-icon-label stk-block stk-d1e6e8b\" data-block-id=\"d1e6e8b\"><style>.stk-d1e6e8b{margin-bottom:10px !important}.stk-d1e6e8b .stk-block-icon{flex-basis:40px !important}<\/style><div class=\"stk-row stk-inner-blocks stk-block-content\">\n<div class=\"wp-block-stackable-icon stk-block-icon has-text-align-left stk-block stk-06a1c0d\" data-block-id=\"06a1c0d\"><style>.stk-06a1c0d .stk--svg-wrapper .stk--inner-svg svg:last-child{height:25px !important;width:25px !important}.stk-06a1c0d .stk--svg-wrapper .stk--inner-svg svg:last-child,.stk-06a1c0d .stk--svg-wrapper .stk--inner-svg svg:last-child :is(g,path,rect,polygon,ellipse){fill:var(--theme-palette-color-4,#000000) !important}<\/style><span class=\"stk--svg-wrapper\"><div class=\"stk--inner-svg\"><svg style=\"height:0;width:0\"><defs><lineargradient id=\"linear-gradient-06a1c0d\" x1=\"0\" x2=\"100%\" y1=\"0\" y2=\"0\"><stop offset=\"0%\" style=\"stop-opacity:1;stop-color:var(--linear-gradient-06-a-1-c-0-d-color-1)\"><\/stop><stop offset=\"100%\" style=\"stop-opacity:1;stop-color:var(--linear-gradient-06-a-1-c-0-d-color-2)\"><\/stop><\/lineargradient><\/defs><\/svg><svg aria-hidden=\"true\" focusable=\"false\" data-prefix=\"fas\" data-icon=\"smoking-ban\" class=\"svg-inline--fa fa-smoking-ban fa-w-16\" xmlns=\"http:\/\/www.w3.org\/2000\/svg\" viewbox=\"0 0 512 512\" width=\"32\" height=\"32\"><path fill=\"currentColor\" d=\"M96 304c0 8.8 7.2 16 16 16h117.5l-96-96H112c-8.8 0-16 7.2-16 16v64zM256 0C114.6 0 0 114.6 0 256s114.6 256 256 256 256-114.6 256-256S397.4 0 256 0zm0 448c-105.9 0-192-86.1-192-192 0-41.4 13.3-79.7 35.7-111.1l267.4 267.4C335.7 434.7 297.4 448 256 448zm45.2-192H384v32h-50.8l-32-32zm111.1 111.1L365.2 320H400c8.8 0 16-7.2 16-16v-64c0-8.8-7.2-16-16-16H269.2L144.9 99.7C176.3 77.3 214.6 64 256 64c105.9 0 192 86.1 192 192 0 41.4-13.3 79.7-35.7 111.1zM320.6 128c-15.6 0-28.6-11.2-31.4-25.9-.7-3.6-4-6.1-7.7-6.1h-16.2c-5 0-8.7 4.5-8 9.4 4.6 30.9 31.2 54.6 63.3 54.6 15.6 0 28.6 11.2 31.4 25.9.7 3.6 4 6.1 7.7 6.1h16.2c5 0 8.7-4.5 8-9.4-4.6-30.9-31.2-54.6-63.3-54.6z\"><\/path><\/svg><\/div><\/span><\/div>\n<div class=\"wp-block-stackable-heading stk-block-heading stk-block stk-e9f0672\" data-block-id=\"e9f0672\"><p class=\"stk-block-heading__text\"><strong>No Fumadores<\/strong><\/p><\/div>\n<\/div><\/div>\n\n\n\n<p>La Suite es un acogedor espacio de 80 m2, decorado con un estilo moderno y todo lo necesario para cubrir tus necesidades.<\/p>\n\n\n\n<p>Con capacidad para 4 personas, cuenta con dos rec\u00e1maras con ropa de cama y almohadas incluidas en el dormitorio. Es un espacio acogedor que cuenta con todo lo necesario para que sientas el m\u00e1ximo confort y que su estad\u00eda sea lo m\u00e1s acogedora posible, adem\u00e1s cuenta con una espectacular terraza. Est\u00e1 equipado con un televisor de pantalla plana, conexi\u00f3n WIFI. aqu\u00ed hay un ba\u00f1o completo con ducha, secador de pelo, jab\u00f3n, champ\u00fa y toallas.<\/p>\n\n\n\n<script src=\"https:\/\/us2.cloudbeds.com\/es\/widget\/load\/k5m0aR\/overlay\"><\/script>\n<\/div>\n<\/div>\n\n\n\n<div style=\"height:30px\" aria-hidden=\"true\" class=\"wp-block-spacer\"><\/div>\n\n\n\n<div class=\"wp-block-cover alignfull\" style=\"min-height:700px;aspect-ratio:unset;\"><span aria-hidden=\"true\" class=\"wp-block-cover__background has-palette-color-5-background-color has-background-dim-100 has-background-dim\"><\/span><div class=\"wp-block-cover__inner-container is-layout-flow wp-block-cover-is-layout-flow\">\n<h4 class=\"wp-block-heading has-palette-color-4-color has-text-color\">Amenidades<\/h4>\n\n\n\n<div class=\"wp-block-columns is-layout-flex wp-container-core-columns-is-layout-28f84493 wp-block-columns-is-layout-flex\">\n<div class=\"wp-block-column is-layout-flow wp-block-column-is-layout-flow\">\n<p class=\"has-palette-color-4-color has-text-color\">Essentials<br>Air conditioning<br>Dedicated workspace<br>Dishes and silverware<br>Dryer<br>Hair dryer<br>Heating<br>Kitchen<br>TV<br>Washer<br>Wifi<br>Body soap<br>Conditioner<br>Hot water<br>Shampoo<br>Shower gel<br>Bed linens<br>Clothing storage<\/p>\n<\/div>\n\n\n\n<div class=\"wp-block-column is-layout-flow wp-block-column-is-layout-flow\">\n<p class=\"has-palette-color-4-color has-text-color\">Extra pillows and blankets<br>Hangers<br>Iron<br>Room-darkening shades<br>Safe<br>Exercise equipment<br>Crib<br>Portable fans<br>Fire extinguisher<br>First aid kit<br>Smoke alarm<br>Barbecue utensils<br>Blender<br>Coffee<br>Coffee maker<br>Dining table<br>Dishwasher<br>Freezer<\/p>\n<\/div>\n\n\n\n<div class=\"wp-block-column is-layout-flow wp-block-column-is-layout-flow\">\n<p class=\"has-palette-color-4-color has-text-color\">Microwave<br>Mini fridge<br>Refrigerator<br>Stove<br>Toaster<br>Wine glasses<br>Laundromat nearby<br>BBQ grill<br>Fire pit<br>Hammock<br>Outdoor dining area<br>Outdoor furniture<br>Patio or balcony<br>Elevator<br>Free street parking<br>Gym<br>Long term stays allowed<br>Luggage dropoff allowed<\/p>\n<\/div>\n<\/div>\n<\/div><\/div>","protected":false},"excerpt":{"rendered":"<p>Informaci\u00f3n General \u00c1rea: 80 m2Capacidad: 4 personasHabitaciones: 2Camas: 2 Queen SizeBa\u00f1os: 2 No Fumadores La Suite es un acogedor espacio de 80 m2, decorado con un estilo moderno y todo lo necesario para cubrir tus necesidades. Con capacidad para 4 personas, cuenta con dos rec\u00e1maras con ropa de cama y almohadas incluidas en el dormitorio. [&hellip;]<\/p>\n","protected":false},"author":1,"featured_media":0,"parent":0,"menu_order":0,"comment_status":"closed","ping_status":"closed","template":"","meta":{"footnotes":""},"class_list":["post-925","page","type-page","status-publish","hentry"],"blocksy_meta":{"styles_descriptor":{"styles":{"desktop":"","tablet":"","mobile":""},"google_fonts":[],"version":6}},"_links":{"self":[{"href":"https:\/\/v65.mx\/en\/wp-json\/wp\/v2\/pages\/925","targetHints":{"allow":["GET"]}}],"collection":[{"href":"https:\/\/v65.mx\/en\/wp-json\/wp\/v2\/pages"}],"about":[{"href":"https:\/\/v65.mx\/en\/wp-json\/wp\/v2\/types\/page"}],"author":[{"embeddable":true,"href":"https:\/\/v65.mx\/en\/wp-json\/wp\/v2\/users\/1"}],"replies":[{"embeddable":true,"href":"https:\/\/v65.mx\/en\/wp-json\/wp\/v2\/comments?post=925"}],"version-history":[{"count":16,"href":"https:\/\/v65.mx\/en\/wp-json\/wp\/v2\/pages\/925\/revisions"}],"predecessor-version":[{"id":1222,"href":"https:\/\/v65.mx\/en\/wp-json\/wp\/v2\/pages\/925\/revisions\/1222"}],"wp:attachment":[{"href":"https:\/\/v65.mx\/en\/wp-json\/wp\/v2\/media?parent=925"}],"curies":[{"name":"wp","href":"https:\/\/api.w.org\/{rel}","templated":true}]}}