{"id":1138,"date":"2024-01-10T18:25:05","date_gmt":"2024-01-10T18:25:05","guid":{"rendered":"https:\/\/v65.mx\/?page_id=1138"},"modified":"2024-01-10T23:00:23","modified_gmt":"2024-01-10T23:00:23","slug":"thank-you","status":"publish","type":"page","link":"https:\/\/v65.mx\/en\/thank-you\/","title":{"rendered":"Thank you"},"content":{"rendered":"<div data-elementor-type=\"wp-page\" data-elementor-id=\"1138\" class=\"elementor elementor-1138\" data-elementor-post-type=\"page\">\n\t\t\t\t\t\t<section class=\"elementor-section elementor-top-section elementor-element elementor-element-0a80ae7 elementor-section-boxed elementor-section-height-default elementor-section-height-default\" data-id=\"0a80ae7\" data-element_type=\"section\" data-e-type=\"section\">\n\t\t\t\t\t\t<div class=\"elementor-container elementor-column-gap-default\">\n\t\t\t\t\t<div class=\"elementor-column elementor-col-100 elementor-top-column elementor-element elementor-element-9e5fa87\" data-id=\"9e5fa87\" data-element_type=\"column\" data-e-type=\"column\">\n\t\t\t<div class=\"elementor-widget-wrap elementor-element-populated\">\n\t\t\t\t\t\t<div class=\"elementor-element elementor-element-7c4e160 elementor-widget elementor-widget-heading\" data-id=\"7c4e160\" data-element_type=\"widget\" data-e-type=\"widget\" data-widget_type=\"heading.default\">\n\t\t\t\t<div class=\"elementor-widget-container\">\n\t\t\t\t\t<h1 class=\"elementor-heading-title elementor-size-xxl\">Gracias<\/h1>\t\t\t\t<\/div>\n\t\t\t\t<\/div>\n\t\t\t\t<div class=\"elementor-element elementor-element-659ad87 elementor-widget elementor-widget-heading\" data-id=\"659ad87\" data-element_type=\"widget\" data-e-type=\"widget\" data-widget_type=\"heading.default\">\n\t\t\t\t<div class=\"elementor-widget-container\">\n\t\t\t\t\t<h1 class=\"elementor-heading-title elementor-size-xl\">Thank You<\/h1>\t\t\t\t<\/div>\n\t\t\t\t<\/div>\n\t\t\t\t<div class=\"elementor-element elementor-element-d330e35 elementor-widget elementor-widget-text-editor\" data-id=\"d330e35\" data-element_type=\"widget\" data-e-type=\"widget\" data-widget_type=\"text-editor.default\">\n\t\t\t\t<div class=\"elementor-widget-container\">\n\t\t\t\t\t\t\t\t\t<p>Gracias por reservar en V-65. Recibir\u00e1s un correo electr\u00f3nico con toda la informaci\u00f3n para tu pr\u00f3xima visita.<\/p>\t\t\t\t\t\t\t\t<\/div>\n\t\t\t\t<\/div>\n\t\t\t\t<div class=\"elementor-element elementor-element-0e0ff56 elementor-widget elementor-widget-text-editor\" data-id=\"0e0ff56\" data-element_type=\"widget\" data-e-type=\"widget\" data-widget_type=\"text-editor.default\">\n\t\t\t\t<div class=\"elementor-widget-container\">\n\t\t\t\t\t\t\t\t\t<p>Thanks for booking at V-65. You will receive an email with all the information for your next visit.<\/p>\t\t\t\t\t\t\t\t<\/div>\n\t\t\t\t<\/div>\n\t\t\t\t<div class=\"elementor-element elementor-element-4c34062 elementor-align-center elementor-widget elementor-widget-button\" data-id=\"4c34062\" data-element_type=\"widget\" data-e-type=\"widget\" data-widget_type=\"button.default\">\n\t\t\t\t<div class=\"elementor-widget-container\">\n\t\t\t\t\t\t\t\t\t<div class=\"elementor-button-wrapper\">\n\t\t\t\t\t<a class=\"elementor-button elementor-button-link elementor-size-lg\" href=\"https:\/\/v65.mx\">\n\t\t\t\t\t\t<span class=\"elementor-button-content-wrapper\">\n\t\t\t\t\t\t\t\t\t<span class=\"elementor-button-text\">Volver a inicio \/ Back to home<\/span>\n\t\t\t\t\t<\/span>\n\t\t\t\t\t<\/a>\n\t\t\t\t<\/div>\n\t\t\t\t\t\t\t\t<\/div>\n\t\t\t\t<\/div>\n\t\t\t\t\t<\/div>\n\t\t<\/div>\n\t\t\t\t\t<\/div>\n\t\t<\/section>\n\t\t\t\t<\/div>","protected":false},"excerpt":{"rendered":"<p>Gracias Thank You Gracias por reservar en V-65. Recibir\u00e1s un correo electr\u00f3nico con toda la informaci\u00f3n para tu pr\u00f3xima visita. Thanks for booking at V-65. You will receive an email with all the information for your next visit. Volver a inicio \/ Back to home<\/p>","protected":false},"author":1,"featured_media":0,"parent":0,"menu_order":0,"comment_status":"closed","ping_status":"closed","template":"","meta":{"footnotes":""},"class_list":["post-1138","page","type-page","status-publish","hentry"],"blocksy_meta":{"has_hero_section":"disabled","styles_descriptor":{"styles":{"desktop":"","tablet":"","mobile":""},"google_fonts":[],"version":6}},"_links":{"self":[{"href":"https:\/\/v65.mx\/en\/wp-json\/wp\/v2\/pages\/1138","targetHints":{"allow":["GET"]}}],"collection":[{"href":"https:\/\/v65.mx\/en\/wp-json\/wp\/v2\/pages"}],"about":[{"href":"https:\/\/v65.mx\/en\/wp-json\/wp\/v2\/types\/page"}],"author":[{"embeddable":true,"href":"https:\/\/v65.mx\/en\/wp-json\/wp\/v2\/users\/1"}],"replies":[{"embeddable":true,"href":"https:\/\/v65.mx\/en\/wp-json\/wp\/v2\/comments?post=1138"}],"version-history":[{"count":5,"href":"https:\/\/v65.mx\/en\/wp-json\/wp\/v2\/pages\/1138\/revisions"}],"predecessor-version":[{"id":1145,"href":"https:\/\/v65.mx\/en\/wp-json\/wp\/v2\/pages\/1138\/revisions\/1145"}],"wp:attachment":[{"href":"https:\/\/v65.mx\/en\/wp-json\/wp\/v2\/media?parent=1138"}],"curies":[{"name":"wp","href":"https:\/\/api.w.org\/{rel}","templated":true}]}}